{"id":2445,"date":"2025-02-11T16:57:01","date_gmt":"2025-02-11T18:57:01","guid":{"rendered":"https:\/\/krkultura.lt\/mediateka\/?page_id=2445"},"modified":"2025-02-11T17:00:46","modified_gmt":"2025-02-11T19:00:46","slug":"ievaras","status":"publish","type":"page","link":"https:\/\/krkultura.lt\/mediateka\/ievaras\/","title":{"rendered":"Ievaras"},"content":{"rendered":"\t\t<div data-elementor-type=\"wp-page\" data-elementor-id=\"2445\" class=\"elementor elementor-2445\">\n\t\t\t\t<div class=\"elementor-element elementor-element-aace508 e-flex e-con-boxed e-con e-parent\" data-id=\"aace508\" data-element_type=\"container\" data-e-type=\"container\">\n\t\t\t\t\t<div class=\"e-con-inner\">\n\t\t\t\t<div class=\"elementor-element elementor-element-6c259ce elementor-widget elementor-widget-text-editor\" data-id=\"6c259ce\" data-element_type=\"widget\" data-e-type=\"widget\" data-widget_type=\"text-editor.default\">\n\t\t\t\t<div class=\"elementor-widget-container\">\n\t\t\t\t\t\t\t\t\t<p>Ievaras. Gerai pa\u017e\u012fstamas \u012fvaizdis m\u016bs\u0173 dainose,nors ir \u010dia n\u0117ra visi\u0161kai ai\u0161ku, koks medis juo \u012fvardijamas. Itin prie\u0161taringai vaizduojamas jo \u017eyd\u0117jimas: pasirodo, jis \u017eyd\u012fs baltais, m\u0117lynais, geltonais, navatnais \u017eiedais;ved\u0105s juodas, aukselio ar \u0161iaip sald\u017ei\u0105sias uogeles. Galimas dalykas, kad jovaro \u017eied\u0173 spalvos bei uogos interpretuotinos tik poetin\u0117je plotm\u0117je, kaip poetin\u0117 priemon\u0117, turinti vien simbolin\u012f, konotacin\u012f aspekt\u0105,kuris svarbus suvokti balti\u0161k\u0105 pasaul\u0117vaizd\u012f.<\/p>\t\t\t\t\t\t\t\t<\/div>\n\t\t\t\t<\/div>\n\t\t\t\t<div class=\"elementor-element elementor-element-7db9623 elementor-widget-divider--view-line elementor-widget elementor-widget-divider\" data-id=\"7db9623\" data-element_type=\"widget\" data-e-type=\"widget\" data-widget_type=\"divider.default\">\n\t\t\t\t<div class=\"elementor-widget-container\">\n\t\t\t\t\t\t\t<div class=\"elementor-divider\">\n\t\t\t<span class=\"elementor-divider-separator\">\n\t\t\t\t\t\t<\/span>\n\t\t<\/div>\n\t\t\t\t\t\t<\/div>\n\t\t\t\t<\/div>\n\t\t\t\t<div class=\"elementor-element elementor-element-5d160b1 elementor-widget elementor-widget-wp-widget-media_audio\" data-id=\"5d160b1\" data-element_type=\"widget\" data-e-type=\"widget\" data-widget_type=\"wp-widget-media_audio.default\">\n\t\t\t\t<div class=\"elementor-widget-container\">\n\t\t\t\t\t<h5>Raudondvario kult\u016bros centro folkloro ansamblis \u201cPiliaro\u017e\u0117\u201d (vadov\u0117 Aust\u0117ja Alminait\u0117)<\/h5><audio class=\"wp-audio-shortcode\" id=\"audio-2445-1\" preload=\"none\" style=\"width: 100%;\" controls=\"controls\"><source type=\"audio\/mpeg\" src=\"https:\/\/krkultura.lt\/mediateka\/wp-content\/uploads\/2025\/02\/PILIAROZE-SALI-KELIA-JOVARAS.mp3?_=1\" \/><source type=\"audio\/mpeg\" src=\"http:\/\/krkultura.lt\/mediateka\/wp-content\/uploads\/2025\/02\/PILIAROZE-SALI-KELIA-JOVARAS.mp3?_=1\" \/><a href=\"https:\/\/krkultura.lt\/mediateka\/wp-content\/uploads\/2025\/02\/PILIAROZE-SALI-KELIA-JOVARAS.mp3\">https:\/\/krkultura.lt\/mediateka\/wp-content\/uploads\/2025\/02\/PILIAROZE-SALI-KELIA-JOVARAS.mp3<\/a><\/audio>\t\t\t\t<\/div>\n\t\t\t\t<\/div>\n\t\t\t\t<div class=\"elementor-element elementor-element-cdde9e7 elementor-widget-divider--view-line elementor-widget elementor-widget-divider\" data-id=\"cdde9e7\" data-element_type=\"widget\" data-e-type=\"widget\" data-widget_type=\"divider.default\">\n\t\t\t\t<div class=\"elementor-widget-container\">\n\t\t\t\t\t\t\t<div class=\"elementor-divider\">\n\t\t\t<span class=\"elementor-divider-separator\">\n\t\t\t\t\t\t<\/span>\n\t\t<\/div>\n\t\t\t\t\t\t<\/div>\n\t\t\t\t<\/div>\n\t\t\t\t<div class=\"elementor-element elementor-element-2885b7d elementor-widget elementor-widget-wp-widget-media_audio\" data-id=\"2885b7d\" data-element_type=\"widget\" data-e-type=\"widget\" data-widget_type=\"wp-widget-media_audio.default\">\n\t\t\t\t<div class=\"elementor-widget-container\">\n\t\t\t\t\t<h5>Raudondvario kult\u016bros centro folkloro ansamblis \u201cPiliaro\u017e\u0117\u201d (vadov\u0117 Aust\u0117ja Alminait\u0117)<\/h5><audio class=\"wp-audio-shortcode\" id=\"audio-2445-2\" preload=\"none\" style=\"width: 100%;\" controls=\"controls\"><source type=\"audio\/mpeg\" src=\"https:\/\/krkultura.lt\/mediateka\/wp-content\/uploads\/2025\/02\/PILIAROZE-AN-MANO-TEVO-DIDZIO-DVARELIO.mp3?_=2\" \/><source type=\"audio\/mpeg\" src=\"http:\/\/krkultura.lt\/mediateka\/wp-content\/uploads\/2025\/02\/PILIAROZE-AN-MANO-TEVO-DIDZIO-DVARELIO.mp3?_=2\" \/><a href=\"https:\/\/krkultura.lt\/mediateka\/wp-content\/uploads\/2025\/02\/PILIAROZE-AN-MANO-TEVO-DIDZIO-DVARELIO.mp3\">https:\/\/krkultura.lt\/mediateka\/wp-content\/uploads\/2025\/02\/PILIAROZE-AN-MANO-TEVO-DIDZIO-DVARELIO.mp3<\/a><\/audio>\t\t\t\t<\/div>\n\t\t\t\t<\/div>\n\t\t\t\t<div class=\"elementor-element elementor-element-b2457b2 elementor-widget-divider--view-line elementor-widget elementor-widget-divider\" data-id=\"b2457b2\" data-element_type=\"widget\" data-e-type=\"widget\" data-widget_type=\"divider.default\">\n\t\t\t\t<div class=\"elementor-widget-container\">\n\t\t\t\t\t\t\t<div class=\"elementor-divider\">\n\t\t\t<span class=\"elementor-divider-separator\">\n\t\t\t\t\t\t<\/span>\n\t\t<\/div>\n\t\t\t\t\t\t<\/div>\n\t\t\t\t<\/div>\n\t\t\t\t\t<\/div>\n\t\t\t\t<\/div>\n\t\t<div class=\"elementor-element elementor-element-f7ed289 e-flex e-con-boxed e-con e-parent\" data-id=\"f7ed289\" data-element_type=\"container\" data-e-type=\"container\">\n\t\t\t\t\t<div class=\"e-con-inner\">\n\t\t\t\t\t<\/div>\n\t\t\t\t<\/div>\n\t\t\t\t<\/div>\n\t\t","protected":false},"excerpt":{"rendered":"<p>Ievaras. Gerai pa\u017e\u012fstamas \u012fvaizdis m\u016bs\u0173 dainose,nors ir \u010dia n\u0117ra visi\u0161kai ai\u0161ku, koks medis juo \u012fvardijamas. Itin prie\u0161taringai vaizduojamas jo \u017eyd\u0117jimas: pasirodo, jis \u017eyd\u012fs baltais, m\u0117lynais, geltonais, navatnais \u017eiedais;ved\u0105s juodas, aukselio ar \u0161iaip sald\u017ei\u0105sias uogeles. Galimas dalykas, kad jovaro \u017eied\u0173 spalvos bei uogos interpretuotinos tik poetin\u0117je plotm\u0117je, kaip poetin\u0117 priemon\u0117, turinti vien simbolin\u012f, konotacin\u012f aspekt\u0105,kuris svarbus [&hellip;]<\/p>\n","protected":false},"author":2,"featured_media":0,"parent":0,"menu_order":0,"comment_status":"closed","ping_status":"closed","template":"","meta":{"footnotes":""},"class_list":["post-2445","page","type-page","status-publish","hentry"],"yoast_head":"<!-- This site is optimized with the Yoast SEO plugin v27.4 - https:\/\/yoast.com\/product\/yoast-seo-wordpress\/ -->\n<title>Ievaras - Mediateka | Kazl\u0173 R\u016bdos kult\u016bros centras<\/title>\n<meta name=\"robots\" content=\"index, follow, max-snippet:-1, max-image-preview:large, max-video-preview:-1\" \/>\n<link rel=\"canonical\" href=\"https:\/\/krkultura.lt\/mediateka\/ievaras\/\" \/>\n<meta property=\"og:locale\" content=\"lt_LT\" \/>\n<meta property=\"og:type\" content=\"article\" \/>\n<meta property=\"og:title\" content=\"Ievaras - Mediateka | Kazl\u0173 R\u016bdos kult\u016bros centras\" \/>\n<meta property=\"og:description\" content=\"Ievaras. Gerai pa\u017e\u012fstamas \u012fvaizdis m\u016bs\u0173 dainose,nors ir \u010dia n\u0117ra visi\u0161kai ai\u0161ku, koks medis juo \u012fvardijamas. Itin prie\u0161taringai vaizduojamas jo \u017eyd\u0117jimas: pasirodo, jis \u017eyd\u012fs baltais, m\u0117lynais, geltonais, navatnais \u017eiedais;ved\u0105s juodas, aukselio ar \u0161iaip sald\u017ei\u0105sias uogeles. Galimas dalykas, kad jovaro \u017eied\u0173 spalvos bei uogos interpretuotinos tik poetin\u0117je plotm\u0117je, kaip poetin\u0117 priemon\u0117, turinti vien simbolin\u012f, konotacin\u012f aspekt\u0105,kuris svarbus [&hellip;]\" \/>\n<meta property=\"og:url\" content=\"https:\/\/krkultura.lt\/mediateka\/ievaras\/\" \/>\n<meta property=\"og:site_name\" content=\"Mediateka | Kazl\u0173 R\u016bdos kult\u016bros centras\" \/>\n<meta property=\"article:modified_time\" content=\"2025-02-11T19:00:46+00:00\" \/>\n<meta name=\"twitter:card\" content=\"summary_large_image\" \/>\n<meta name=\"twitter:label1\" content=\"Est. reading time\" \/>\n\t<meta name=\"twitter:data1\" content=\"1 minut\u0117\" \/>\n<script type=\"application\/ld+json\" class=\"yoast-schema-graph\">{\"@context\":\"https:\\\/\\\/schema.org\",\"@graph\":[{\"@type\":\"WebPage\",\"@id\":\"https:\\\/\\\/krkultura.lt\\\/mediateka\\\/ievaras\\\/\",\"url\":\"https:\\\/\\\/krkultura.lt\\\/mediateka\\\/ievaras\\\/\",\"name\":\"Ievaras - Mediateka | Kazl\u0173 R\u016bdos kult\u016bros centras\",\"isPartOf\":{\"@id\":\"http:\\\/\\\/krkultura.lt\\\/mediateka\\\/#website\"},\"datePublished\":\"2025-02-11T18:57:01+00:00\",\"dateModified\":\"2025-02-11T19:00:46+00:00\",\"breadcrumb\":{\"@id\":\"https:\\\/\\\/krkultura.lt\\\/mediateka\\\/ievaras\\\/#breadcrumb\"},\"inLanguage\":\"lt-LT\",\"potentialAction\":[{\"@type\":\"ReadAction\",\"target\":[\"https:\\\/\\\/krkultura.lt\\\/mediateka\\\/ievaras\\\/\"]}]},{\"@type\":\"BreadcrumbList\",\"@id\":\"https:\\\/\\\/krkultura.lt\\\/mediateka\\\/ievaras\\\/#breadcrumb\",\"itemListElement\":[{\"@type\":\"ListItem\",\"position\":1,\"name\":\"Home\",\"item\":\"http:\\\/\\\/krkultura.lt\\\/mediateka\\\/\"},{\"@type\":\"ListItem\",\"position\":2,\"name\":\"Ievaras\"}]},{\"@type\":\"WebSite\",\"@id\":\"http:\\\/\\\/krkultura.lt\\\/mediateka\\\/#website\",\"url\":\"http:\\\/\\\/krkultura.lt\\\/mediateka\\\/\",\"name\":\"Mediateka | Kazl\u0173 R\u016bdos kult\u016bros centras\",\"description\":\"Kol kas tik dar vienas WordPress tinklalapis\",\"potentialAction\":[{\"@type\":\"SearchAction\",\"target\":{\"@type\":\"EntryPoint\",\"urlTemplate\":\"http:\\\/\\\/krkultura.lt\\\/mediateka\\\/?s={search_term_string}\"},\"query-input\":{\"@type\":\"PropertyValueSpecification\",\"valueRequired\":true,\"valueName\":\"search_term_string\"}}],\"inLanguage\":\"lt-LT\"}]}<\/script>\n<!-- \/ Yoast SEO plugin. -->","yoast_head_json":{"title":"Ievaras - Mediateka | Kazl\u0173 R\u016bdos kult\u016bros centras","robots":{"index":"index","follow":"follow","max-snippet":"max-snippet:-1","max-image-preview":"max-image-preview:large","max-video-preview":"max-video-preview:-1"},"canonical":"https:\/\/krkultura.lt\/mediateka\/ievaras\/","og_locale":"lt_LT","og_type":"article","og_title":"Ievaras - Mediateka | Kazl\u0173 R\u016bdos kult\u016bros centras","og_description":"Ievaras. Gerai pa\u017e\u012fstamas \u012fvaizdis m\u016bs\u0173 dainose,nors ir \u010dia n\u0117ra visi\u0161kai ai\u0161ku, koks medis juo \u012fvardijamas. Itin prie\u0161taringai vaizduojamas jo \u017eyd\u0117jimas: pasirodo, jis \u017eyd\u012fs baltais, m\u0117lynais, geltonais, navatnais \u017eiedais;ved\u0105s juodas, aukselio ar \u0161iaip sald\u017ei\u0105sias uogeles. Galimas dalykas, kad jovaro \u017eied\u0173 spalvos bei uogos interpretuotinos tik poetin\u0117je plotm\u0117je, kaip poetin\u0117 priemon\u0117, turinti vien simbolin\u012f, konotacin\u012f aspekt\u0105,kuris svarbus [&hellip;]","og_url":"https:\/\/krkultura.lt\/mediateka\/ievaras\/","og_site_name":"Mediateka | Kazl\u0173 R\u016bdos kult\u016bros centras","article_modified_time":"2025-02-11T19:00:46+00:00","twitter_card":"summary_large_image","twitter_misc":{"Est. reading time":"1 minut\u0117"},"schema":{"@context":"https:\/\/schema.org","@graph":[{"@type":"WebPage","@id":"https:\/\/krkultura.lt\/mediateka\/ievaras\/","url":"https:\/\/krkultura.lt\/mediateka\/ievaras\/","name":"Ievaras - Mediateka | Kazl\u0173 R\u016bdos kult\u016bros centras","isPartOf":{"@id":"http:\/\/krkultura.lt\/mediateka\/#website"},"datePublished":"2025-02-11T18:57:01+00:00","dateModified":"2025-02-11T19:00:46+00:00","breadcrumb":{"@id":"https:\/\/krkultura.lt\/mediateka\/ievaras\/#breadcrumb"},"inLanguage":"lt-LT","potentialAction":[{"@type":"ReadAction","target":["https:\/\/krkultura.lt\/mediateka\/ievaras\/"]}]},{"@type":"BreadcrumbList","@id":"https:\/\/krkultura.lt\/mediateka\/ievaras\/#breadcrumb","itemListElement":[{"@type":"ListItem","position":1,"name":"Home","item":"http:\/\/krkultura.lt\/mediateka\/"},{"@type":"ListItem","position":2,"name":"Ievaras"}]},{"@type":"WebSite","@id":"http:\/\/krkultura.lt\/mediateka\/#website","url":"http:\/\/krkultura.lt\/mediateka\/","name":"Mediateka | Kazl\u0173 R\u016bdos kult\u016bros centras","description":"Kol kas tik dar vienas WordPress tinklalapis","potentialAction":[{"@type":"SearchAction","target":{"@type":"EntryPoint","urlTemplate":"http:\/\/krkultura.lt\/mediateka\/?s={search_term_string}"},"query-input":{"@type":"PropertyValueSpecification","valueRequired":true,"valueName":"search_term_string"}}],"inLanguage":"lt-LT"}]}},"_links":{"self":[{"href":"https:\/\/krkultura.lt\/mediateka\/wp-json\/wp\/v2\/pages\/2445","targetHints":{"allow":["GET"]}}],"collection":[{"href":"https:\/\/krkultura.lt\/mediateka\/wp-json\/wp\/v2\/pages"}],"about":[{"href":"https:\/\/krkultura.lt\/mediateka\/wp-json\/wp\/v2\/types\/page"}],"author":[{"embeddable":true,"href":"https:\/\/krkultura.lt\/mediateka\/wp-json\/wp\/v2\/users\/2"}],"replies":[{"embeddable":true,"href":"https:\/\/krkultura.lt\/mediateka\/wp-json\/wp\/v2\/comments?post=2445"}],"version-history":[{"count":7,"href":"https:\/\/krkultura.lt\/mediateka\/wp-json\/wp\/v2\/pages\/2445\/revisions"}],"predecessor-version":[{"id":2454,"href":"https:\/\/krkultura.lt\/mediateka\/wp-json\/wp\/v2\/pages\/2445\/revisions\/2454"}],"wp:attachment":[{"href":"https:\/\/krkultura.lt\/mediateka\/wp-json\/wp\/v2\/media?parent=2445"}],"curies":[{"name":"wp","href":"https:\/\/api.w.org\/{rel}","templated":true}]}}