{"id":2278,"date":"2021-01-15T15:18:33","date_gmt":"2021-01-15T17:18:33","guid":{"rendered":"http:\/\/krkultura.lt\/mediateka\/?page_id=2278"},"modified":"2021-01-15T15:18:33","modified_gmt":"2021-01-15T17:18:33","slug":"vera-vasiliauskiene","status":"publish","type":"page","link":"https:\/\/krkultura.lt\/mediateka\/etnografija\/vera-vasiliauskiene\/","title":{"rendered":"Vera Vasiliauskien\u0117"},"content":{"rendered":"","protected":false},"excerpt":{"rendered":"","protected":false},"author":1,"featured_media":0,"parent":306,"menu_order":0,"comment_status":"closed","ping_status":"closed","template":"template-modules.php","meta":{"footnotes":""},"class_list":["post-2278","page","type-page","status-publish","hentry"],"yoast_head":"<!-- This site is optimized with the Yoast SEO plugin v27.4 - https:\/\/yoast.com\/product\/yoast-seo-wordpress\/ -->\n<title>Vera Vasiliauskien\u0117 - Mediateka | Kazl\u0173 R\u016bdos kult\u016bros centras<\/title>\n<meta name=\"robots\" content=\"index, follow, max-snippet:-1, max-image-preview:large, max-video-preview:-1\" \/>\n<link rel=\"canonical\" href=\"http:\/\/krkultura.lt\/mediateka\/etnografija\/vera-vasiliauskiene\/\" \/>\n<meta property=\"og:locale\" content=\"lt_LT\" \/>\n<meta property=\"og:type\" content=\"article\" \/>\n<meta property=\"og:title\" content=\"Vera Vasiliauskien\u0117 - Mediateka | Kazl\u0173 R\u016bdos kult\u016bros centras\" \/>\n<meta property=\"og:url\" content=\"http:\/\/krkultura.lt\/mediateka\/etnografija\/vera-vasiliauskiene\/\" \/>\n<meta property=\"og:site_name\" content=\"Mediateka | Kazl\u0173 R\u016bdos kult\u016bros centras\" \/>\n<meta name=\"twitter:card\" content=\"summary_large_image\" \/>\n<script type=\"application\/ld+json\" class=\"yoast-schema-graph\">{\"@context\":\"https:\\\/\\\/schema.org\",\"@graph\":[{\"@type\":\"WebPage\",\"@id\":\"http:\\\/\\\/krkultura.lt\\\/mediateka\\\/etnografija\\\/vera-vasiliauskiene\\\/\",\"url\":\"http:\\\/\\\/krkultura.lt\\\/mediateka\\\/etnografija\\\/vera-vasiliauskiene\\\/\",\"name\":\"Vera Vasiliauskien\u0117 - Mediateka | Kazl\u0173 R\u016bdos kult\u016bros centras\",\"isPartOf\":{\"@id\":\"http:\\\/\\\/krkultura.lt\\\/mediateka\\\/#website\"},\"datePublished\":\"2021-01-15T17:18:33+00:00\",\"breadcrumb\":{\"@id\":\"http:\\\/\\\/krkultura.lt\\\/mediateka\\\/etnografija\\\/vera-vasiliauskiene\\\/#breadcrumb\"},\"inLanguage\":\"lt-LT\",\"potentialAction\":[{\"@type\":\"ReadAction\",\"target\":[\"http:\\\/\\\/krkultura.lt\\\/mediateka\\\/etnografija\\\/vera-vasiliauskiene\\\/\"]}]},{\"@type\":\"BreadcrumbList\",\"@id\":\"http:\\\/\\\/krkultura.lt\\\/mediateka\\\/etnografija\\\/vera-vasiliauskiene\\\/#breadcrumb\",\"itemListElement\":[{\"@type\":\"ListItem\",\"position\":1,\"name\":\"Home\",\"item\":\"http:\\\/\\\/krkultura.lt\\\/mediateka\\\/\"},{\"@type\":\"ListItem\",\"position\":2,\"name\":\"Etnografija\",\"item\":\"http:\\\/\\\/krkultura.lt\\\/mediateka\\\/etnografija\\\/\"},{\"@type\":\"ListItem\",\"position\":3,\"name\":\"Vera Vasiliauskien\u0117\"}]},{\"@type\":\"WebSite\",\"@id\":\"http:\\\/\\\/krkultura.lt\\\/mediateka\\\/#website\",\"url\":\"http:\\\/\\\/krkultura.lt\\\/mediateka\\\/\",\"name\":\"Mediateka | Kazl\u0173 R\u016bdos kult\u016bros centras\",\"description\":\"Kol kas tik dar vienas WordPress tinklalapis\",\"potentialAction\":[{\"@type\":\"SearchAction\",\"target\":{\"@type\":\"EntryPoint\",\"urlTemplate\":\"http:\\\/\\\/krkultura.lt\\\/mediateka\\\/?s={search_term_string}\"},\"query-input\":{\"@type\":\"PropertyValueSpecification\",\"valueRequired\":true,\"valueName\":\"search_term_string\"}}],\"inLanguage\":\"lt-LT\"}]}<\/script>\n<!-- \/ Yoast SEO plugin. -->","yoast_head_json":{"title":"Vera Vasiliauskien\u0117 - Mediateka | Kazl\u0173 R\u016bdos kult\u016bros centras","robots":{"index":"index","follow":"follow","max-snippet":"max-snippet:-1","max-image-preview":"max-image-preview:large","max-video-preview":"max-video-preview:-1"},"canonical":"http:\/\/krkultura.lt\/mediateka\/etnografija\/vera-vasiliauskiene\/","og_locale":"lt_LT","og_type":"article","og_title":"Vera Vasiliauskien\u0117 - Mediateka | Kazl\u0173 R\u016bdos kult\u016bros centras","og_url":"http:\/\/krkultura.lt\/mediateka\/etnografija\/vera-vasiliauskiene\/","og_site_name":"Mediateka | Kazl\u0173 R\u016bdos kult\u016bros centras","twitter_card":"summary_large_image","schema":{"@context":"https:\/\/schema.org","@graph":[{"@type":"WebPage","@id":"http:\/\/krkultura.lt\/mediateka\/etnografija\/vera-vasiliauskiene\/","url":"http:\/\/krkultura.lt\/mediateka\/etnografija\/vera-vasiliauskiene\/","name":"Vera Vasiliauskien\u0117 - Mediateka | Kazl\u0173 R\u016bdos kult\u016bros centras","isPartOf":{"@id":"http:\/\/krkultura.lt\/mediateka\/#website"},"datePublished":"2021-01-15T17:18:33+00:00","breadcrumb":{"@id":"http:\/\/krkultura.lt\/mediateka\/etnografija\/vera-vasiliauskiene\/#breadcrumb"},"inLanguage":"lt-LT","potentialAction":[{"@type":"ReadAction","target":["http:\/\/krkultura.lt\/mediateka\/etnografija\/vera-vasiliauskiene\/"]}]},{"@type":"BreadcrumbList","@id":"http:\/\/krkultura.lt\/mediateka\/etnografija\/vera-vasiliauskiene\/#breadcrumb","itemListElement":[{"@type":"ListItem","position":1,"name":"Home","item":"http:\/\/krkultura.lt\/mediateka\/"},{"@type":"ListItem","position":2,"name":"Etnografija","item":"http:\/\/krkultura.lt\/mediateka\/etnografija\/"},{"@type":"ListItem","position":3,"name":"Vera Vasiliauskien\u0117"}]},{"@type":"WebSite","@id":"http:\/\/krkultura.lt\/mediateka\/#website","url":"http:\/\/krkultura.lt\/mediateka\/","name":"Mediateka | Kazl\u0173 R\u016bdos kult\u016bros centras","description":"Kol kas tik dar vienas WordPress tinklalapis","potentialAction":[{"@type":"SearchAction","target":{"@type":"EntryPoint","urlTemplate":"http:\/\/krkultura.lt\/mediateka\/?s={search_term_string}"},"query-input":{"@type":"PropertyValueSpecification","valueRequired":true,"valueName":"search_term_string"}}],"inLanguage":"lt-LT"}]}},"_links":{"self":[{"href":"https:\/\/krkultura.lt\/mediateka\/wp-json\/wp\/v2\/pages\/2278","targetHints":{"allow":["GET"]}}],"collection":[{"href":"https:\/\/krkultura.lt\/mediateka\/wp-json\/wp\/v2\/pages"}],"about":[{"href":"https:\/\/krkultura.lt\/mediateka\/wp-json\/wp\/v2\/types\/page"}],"author":[{"embeddable":true,"href":"https:\/\/krkultura.lt\/mediateka\/wp-json\/wp\/v2\/users\/1"}],"replies":[{"embeddable":true,"href":"https:\/\/krkultura.lt\/mediateka\/wp-json\/wp\/v2\/comments?post=2278"}],"version-history":[{"count":1,"href":"https:\/\/krkultura.lt\/mediateka\/wp-json\/wp\/v2\/pages\/2278\/revisions"}],"predecessor-version":[{"id":2279,"href":"https:\/\/krkultura.lt\/mediateka\/wp-json\/wp\/v2\/pages\/2278\/revisions\/2279"}],"up":[{"embeddable":true,"href":"https:\/\/krkultura.lt\/mediateka\/wp-json\/wp\/v2\/pages\/306"}],"wp:attachment":[{"href":"https:\/\/krkultura.lt\/mediateka\/wp-json\/wp\/v2\/media?parent=2278"}],"curies":[{"name":"wp","href":"https:\/\/api.w.org\/{rel}","templated":true}]}}